{"id":9,"date":"2019-02-22T13:34:43","date_gmt":"2019-02-22T12:34:43","guid":{"rendered":"http:\/\/www.gruene-bag-verkehr.de\/?page_id=9"},"modified":"2021-12-20T20:03:18","modified_gmt":"2021-12-20T19:03:18","slug":"willkommen","status":"publish","type":"page","link":"https:\/\/www.gruene-bag-verkehr.de\/","title":{"rendered":"Willkommen"},"content":{"rendered":"\n<p><strong>bei der Bundesarbeitsgemeinschaft Mobilit\u00e4t und Verkehr (BAG MoVe) von B\u00dcNDNIS 90\/DIE GR\u00dcNEN<\/strong><\/p>\n\n\n\n<p>Herzlich Willkommen bei der Bundesarbeitsgemeinschaft Mobilit\u00e4t und Verkehr! Auf dieser Internetseite findest du mehr zu uns, unseren Themen, unseren Mitgliedern, unseren Terminen und zu unseren Beschl\u00fcssen. <\/p>\n\n\n\n<p>Wer regelm\u00e4\u00dfig alle Informationen und Einladungen zu unseren Veranstaltungen rechtzeitig erhalten m\u00f6chte, kann in unserem Mailverteiler aufgenommen werden. Die Kontaktdaten finden sich unter Kontakt. <\/p>\n\n\n\n<p>Weiterhin k\u00f6nnt ihr uns und unseren Aktivit\u00e4ten auch auf Twitter folgen: @gruenemove<\/p>\n\n\n\n<figure class=\"wp-block-image\"><img decoding=\"async\" loading=\"lazy\" width=\"800\" height=\"454\" src=\"https:\/\/www.gruene-bag-verkehr.de\/wp-content\/uploads\/2019\/02\/Tonal-Decay-flickr-800x454.jpg\" alt=\"\" class=\"wp-image-97\" srcset=\"https:\/\/www.gruene-bag-verkehr.de\/wp-content\/uploads\/2019\/02\/Tonal-Decay-flickr-800x454.jpg 800w, https:\/\/www.gruene-bag-verkehr.de\/wp-content\/uploads\/2019\/02\/Tonal-Decay-flickr-400x227.jpg 400w, https:\/\/www.gruene-bag-verkehr.de\/wp-content\/uploads\/2019\/02\/Tonal-Decay-flickr-768x435.jpg 768w, https:\/\/www.gruene-bag-verkehr.de\/wp-content\/uploads\/2019\/02\/Tonal-Decay-flickr-150x85.jpg 150w\" sizes=\"(max-width: 800px) 100vw, 800px\" \/><figcaption>CC Tonal Decay (flickr)<\/figcaption><\/figure>\n","protected":false},"excerpt":{"rendered":"<p>bei der Bundesarbeitsgemeinschaft Mobilit\u00e4t und Verkehr (BAG MoVe) von B\u00dcNDNIS 90\/DIE GR\u00dcNEN Herzlich Willkommen bei der Bundesarbeitsgemeinschaft Mobilit\u00e4t und Verkehr! Auf dieser Internetseite findest du mehr zu uns, unseren Themen,&#8230; <\/p>\n","protected":false},"author":9,"featured_media":0,"parent":0,"menu_order":1,"comment_status":"closed","ping_status":"closed","template":"","meta":[],"_links":{"self":[{"href":"https:\/\/www.gruene-bag-verkehr.de\/index.php?rest_route=\/wp\/v2\/pages\/9"}],"collection":[{"href":"https:\/\/www.gruene-bag-verkehr.de\/index.php?rest_route=\/wp\/v2\/pages"}],"about":[{"href":"https:\/\/www.gruene-bag-verkehr.de\/index.php?rest_route=\/wp\/v2\/types\/page"}],"author":[{"embeddable":true,"href":"https:\/\/www.gruene-bag-verkehr.de\/index.php?rest_route=\/wp\/v2\/users\/9"}],"replies":[{"embeddable":true,"href":"https:\/\/www.gruene-bag-verkehr.de\/index.php?rest_route=%2Fwp%2Fv2%2Fcomments&post=9"}],"version-history":[{"count":11,"href":"https:\/\/www.gruene-bag-verkehr.de\/index.php?rest_route=\/wp\/v2\/pages\/9\/revisions"}],"predecessor-version":[{"id":283,"href":"https:\/\/www.gruene-bag-verkehr.de\/index.php?rest_route=\/wp\/v2\/pages\/9\/revisions\/283"}],"wp:attachment":[{"href":"https:\/\/www.gruene-bag-verkehr.de\/index.php?rest_route=%2Fwp%2Fv2%2Fmedia&parent=9"}],"curies":[{"name":"wp","href":"https:\/\/api.w.org\/{rel}","templated":true}]}}